{"id":1881,"date":"2021-01-25T14:01:32","date_gmt":"2021-01-25T14:01:32","guid":{"rendered":"https:\/\/fim.co.rs\/?post_type=product&#038;p=1881"},"modified":"2021-02-25T13:50:26","modified_gmt":"2021-02-25T13:50:26","slug":"fimplast-v4","status":"publish","type":"product","link":"https:\/\/fim.co.rs\/en\/product\/fimplast-v4\/","title":{"rendered":"FIMPLAST V4"},"content":{"rendered":"","protected":false},"excerpt":{"rendered":"<p><span class=\"highlight\">FIMPLAST<\/span> V4 je plastomerna hidroizolaciona traka. Zbog toga imaju bolju postojanost na hladno\u0107i i toploti od klasi\u010dnih bitumenskih traka, kao i dobru UV-stabilnost. Za ulo\u017eak se koristi oja\u010dani stakleni voal, koji obezbe\u0111uje optimalnu dimenzionalnu stabilnost proizvodu.<\/p>\n<p><a href=\"https:\/\/media3.fim.co.rs\/2021\/04\/TDS_FIMPLAST-V4_EN.pdf\" target=\"_blank\" rel=\"noopener\">TDS FIMPLAST V4<\/a><\/p>","protected":false},"featured_media":1882,"template":"","meta":[],"product_brand":[],"product_cat":[56],"product_tag":[],"class_list":{"0":"post-1881","1":"product","2":"type-product","3":"status-publish","4":"has-post-thumbnail","6":"product_cat-hidroizolacione-membrane","8":"first","9":"instock","10":"shipping-taxable","11":"product-type-simple"},"_links":{"self":[{"href":"https:\/\/fim.co.rs\/en\/wp-json\/wp\/v2\/product\/1881","targetHints":{"allow":["GET"]}}],"collection":[{"href":"https:\/\/fim.co.rs\/en\/wp-json\/wp\/v2\/product"}],"about":[{"href":"https:\/\/fim.co.rs\/en\/wp-json\/wp\/v2\/types\/product"}],"wp:featuredmedia":[{"embeddable":true,"href":"https:\/\/fim.co.rs\/en\/wp-json\/wp\/v2\/media\/1882"}],"wp:attachment":[{"href":"https:\/\/fim.co.rs\/en\/wp-json\/wp\/v2\/media?parent=1881"}],"wp:term":[{"taxonomy":"product_brand","embeddable":true,"href":"https:\/\/fim.co.rs\/en\/wp-json\/wp\/v2\/product_brand?post=1881"},{"taxonomy":"product_cat","embeddable":true,"href":"https:\/\/fim.co.rs\/en\/wp-json\/wp\/v2\/product_cat?post=1881"},{"taxonomy":"product_tag","embeddable":true,"href":"https:\/\/fim.co.rs\/en\/wp-json\/wp\/v2\/product_tag?post=1881"}],"curies":[{"name":"wp","href":"https:\/\/api.w.org\/{rel}","templated":true}]}}