{"id":1908,"date":"2021-01-25T14:44:01","date_gmt":"2021-01-25T14:44:01","guid":{"rendered":"https:\/\/fim.co.rs\/?post_type=product&#038;p=1908"},"modified":"2021-04-06T14:13:36","modified_gmt":"2021-04-06T14:13:36","slug":"fimtek-v4-2","status":"publish","type":"product","link":"https:\/\/fim.co.rs\/en\/product\/fimtek-v4-2\/","title":{"rendered":"fimtek v4"},"content":{"rendered":"","protected":false},"excerpt":{"rendered":"<p>fimtek V4 je bitumenska hidroizolaciona membrana sa ulo\u0161kom od staklenog voala, ulo\u017eak obostrano oblo\u017een APP modifikovanom bitumenskom masom i dodatno za\u0161ti\u0107en PE termoplasti\u010dnom folijom sa obe strane. Koristi se kao zaptivni sloj u sistermu nadzemnih hidroizolacija i podzemnih hidroizolacija protiv vlage i vode.<\/p>\n<p><a href=\"https:\/\/media3.fim.co.rs\/2021\/04\/TDS_fimtek-V4_EN.pdf\" target=\"_blank\" rel=\"noopener\">TDS fimtek V4<\/a><\/p>","protected":false},"featured_media":1919,"template":"","meta":[],"product_brand":[],"product_cat":[56],"product_tag":[],"class_list":{"0":"post-1908","1":"product","2":"type-product","3":"status-publish","4":"has-post-thumbnail","6":"product_cat-hidroizolacione-membrane","8":"first","9":"instock","10":"shipping-taxable","11":"product-type-simple"},"_links":{"self":[{"href":"https:\/\/fim.co.rs\/en\/wp-json\/wp\/v2\/product\/1908","targetHints":{"allow":["GET"]}}],"collection":[{"href":"https:\/\/fim.co.rs\/en\/wp-json\/wp\/v2\/product"}],"about":[{"href":"https:\/\/fim.co.rs\/en\/wp-json\/wp\/v2\/types\/product"}],"wp:featuredmedia":[{"embeddable":true,"href":"https:\/\/fim.co.rs\/en\/wp-json\/wp\/v2\/media\/1919"}],"wp:attachment":[{"href":"https:\/\/fim.co.rs\/en\/wp-json\/wp\/v2\/media?parent=1908"}],"wp:term":[{"taxonomy":"product_brand","embeddable":true,"href":"https:\/\/fim.co.rs\/en\/wp-json\/wp\/v2\/product_brand?post=1908"},{"taxonomy":"product_cat","embeddable":true,"href":"https:\/\/fim.co.rs\/en\/wp-json\/wp\/v2\/product_cat?post=1908"},{"taxonomy":"product_tag","embeddable":true,"href":"https:\/\/fim.co.rs\/en\/wp-json\/wp\/v2\/product_tag?post=1908"}],"curies":[{"name":"wp","href":"https:\/\/api.w.org\/{rel}","templated":true}]}}